{"id":95,"date":"2017-03-08T23:40:19","date_gmt":"2017-03-08T23:40:19","guid":{"rendered":"http:\/\/wp.anwaltskanzlei-ludwig.de\/?page_id=95"},"modified":"2017-03-14T22:50:31","modified_gmt":"2017-03-14T22:50:31","slug":"taetigkeitsbereiche","status":"publish","type":"page","link":"https:\/\/wp.anwaltskanzlei-ludwig.de\/?page_id=95","title":{"rendered":"T\u00c4TIGKEITSBEREICHE"},"content":{"rendered":"<hr>\n<div id='gallery-1' class='gallery galleryid-95 gallery-columns-4 gallery-size-thumbnail'><figure class='gallery-item'>\n\t\t\t<div class='gallery-icon landscape'>\n\t\t\t\t<img loading=\"lazy\" decoding=\"async\" width=\"150\" height=\"150\" src=\"https:\/\/wp.anwaltskanzlei-ludwig.de\/wp-content\/uploads\/2017\/03\/immobilienrecht2-150x150.jpg\" class=\"attachment-thumbnail size-thumbnail\" alt=\"\" aria-describedby=\"gallery-1-305\" \/>\n\t\t\t<\/div>\n\t\t\t\t<figcaption class='wp-caption-text gallery-caption' id='gallery-1-305'>\n\t\t\t\tImmobilienrecht\n\t\t\t\t<\/figcaption><\/figure><figure class='gallery-item'>\n\t\t\t<div class='gallery-icon landscape'>\n\t\t\t\t<img loading=\"lazy\" decoding=\"async\" width=\"150\" height=\"150\" src=\"https:\/\/wp.anwaltskanzlei-ludwig.de\/wp-content\/uploads\/2017\/03\/0bb927-150x150.jpg\" class=\"attachment-thumbnail size-thumbnail\" alt=\"\" aria-describedby=\"gallery-1-304\" \/>\n\t\t\t<\/div>\n\t\t\t\t<figcaption class='wp-caption-text gallery-caption' id='gallery-1-304'>\n\t\t\t\tSchadensabwicklung\n\t\t\t\t<\/figcaption><\/figure><figure class='gallery-item'>\n\t\t\t<div class='gallery-icon landscape'>\n\t\t\t\t<img loading=\"lazy\" decoding=\"async\" width=\"150\" height=\"150\" src=\"https:\/\/wp.anwaltskanzlei-ludwig.de\/wp-content\/uploads\/2017\/03\/allgemeines-vertragsrecht-150x150.jpg\" class=\"attachment-thumbnail size-thumbnail\" alt=\"\" aria-describedby=\"gallery-1-307\" \/>\n\t\t\t<\/div>\n\t\t\t\t<figcaption class='wp-caption-text gallery-caption' id='gallery-1-307'>\n\t\t\t\tVertragsrecht\n\t\t\t\t<\/figcaption><\/figure><figure class='gallery-item'>\n\t\t\t<div class='gallery-icon landscape'>\n\t\t\t\t<img loading=\"lazy\" decoding=\"async\" width=\"150\" height=\"150\" src=\"https:\/\/wp.anwaltskanzlei-ludwig.de\/wp-content\/uploads\/2017\/03\/Kaufrecht-38426911-Kaufvertrag-150x150.jpg\" class=\"attachment-thumbnail size-thumbnail\" alt=\"\" aria-describedby=\"gallery-1-306\" \/>\n\t\t\t<\/div>\n\t\t\t\t<figcaption class='wp-caption-text gallery-caption' id='gallery-1-306'>\n\t\t\t\tKaufrecht\n\t\t\t\t<\/figcaption><\/figure>\n\t\t<\/div>\n\n<p><span style=\"font-family: arial, helvetica, sans-serif; font-size: 12pt;\">Im Lauf der Jahre haben sich in unserer Kanzlei verschiedene T\u00e4tigkeitsschwerpunkte herauskristallisiert.&nbsp;In diesen&nbsp;Bereichen entwickelten wir fundierte Fachkenntnisse, die<br \/>\n<\/span><span style=\"font-family: arial, helvetica, sans-serif; font-size: 12pt;\">unseren Mandanten zugute kommen.&nbsp;<\/span><span style=\"font-family: arial, helvetica, sans-serif; font-size: 12pt;\">Die beste Werbung f\u00fcr einen Anwalt sind seine zufriedenen Mandanten. Daher steht die erfolgreiche&nbsp;Betreuung der Mandate bei uns im Vordergrund.<br \/>\n<\/span><span style=\"font-family: arial, helvetica, sans-serif; font-size: 12pt;\"><br \/>\n<\/span><strong><span style=\"font-family: arial, helvetica, sans-serif; font-size: 12pt;\">Unsere Kanzlei ist schwerpunktm\u00e4\u00dfig in folgenden Rechtsgebieten t\u00e4tig:<\/span><\/strong><\/p>\n<p><span style=\"font-family: arial, helvetica, sans-serif; font-size: 12pt;\"><a href=\"http:\/\/wp.anwaltskanzlei-ludwig.de\/?page_id=99\">Immobilienrecht<\/a>, (T\u00e4tigkeitsschwerpunkt) insbesondere Mietrecht, Architekten- und Ingenieursrecht, privates und \u00f6ffentliches Baurecht, Enteignungs- und Umlegungsrecht, Erschlie\u00dfungsrecht, Grundbuchrecht, Grundst\u00fccksrecht, Maklerrecht, Pachtrecht, Nachbarrecht, Wohnungseigentumsrecht.<\/span><\/p>\n<p><span style=\"font-family: arial, helvetica, sans-serif; font-size: 12pt;\"><a href=\"http:\/\/wp.anwaltskanzlei-ludwig.de\/?page_id=100\">Kaufrecht<\/a>, insbesondere auf dem Gebiet des Kfz-Gew\u00e4hrleistungsrechts (T\u00e4tigkeitsschwerpunkt)<\/span><\/p>\n<p><span style=\"font-family: arial, helvetica, sans-serif; font-size: 12pt;\"><a href=\"http:\/\/wp.anwaltskanzlei-ludwig.de\/?page_id=101\">Schadensabwicklung<\/a> in Kfz-Unfallsachen<\/span><\/p>\n<p><a href=\"http:\/\/wp.anwaltskanzlei-ludwig.de\/?page_id=523\"><span style=\"font-family: arial, helvetica, sans-serif; font-size: 12pt;\">Allgemeines Vertragsrecht<\/span><\/a><\/p>\n<p><span style=\"font-family: arial, helvetica, sans-serif; font-size: 12pt;\">Selbstverst\u00e4ndlich betreuen wir Sie gerne auch in anderen Bereichen des Zivilrechts.<\/span><\/p>\n<hr>\n<p>&nbsp;<\/p>\n","protected":false},"excerpt":{"rendered":"<p>Im Lauf der Jahre haben sich in unserer Kanzlei verschiedene T\u00e4tigkeitsschwerpunkte herauskristallisiert.&nbsp;In diesen&nbsp;Bereichen entwickelten wir fundierte Fachkenntnisse, die unseren Mandanten zugute kommen.&nbsp;Die beste Werbung f\u00fcr einen Anwalt sind seine zufriedenen Mandanten. Daher steht die erfolgreiche&nbsp;Betreuung der Mandate bei uns im Vordergrund. Unsere Kanzlei ist schwerpunktm\u00e4\u00dfig in folgenden Rechtsgebieten t\u00e4tig: Immobilienrecht, (T\u00e4tigkeitsschwerpunkt) insbesondere Mietrecht, Architekten- und [&hellip;]<\/p>\n","protected":false},"author":3,"featured_media":0,"parent":0,"menu_order":0,"comment_status":"closed","ping_status":"closed","template":"","meta":{"footnotes":""},"class_list":["post-95","page","type-page","status-publish","hentry"],"yoast_head":"<!-- This site is optimized with the Yoast SEO plugin v27.3 - https:\/\/yoast.com\/product\/yoast-seo-wordpress\/ -->\n<title>T\u00c4TIGKEITSBEREICHE - Anwaltskanzlei Thomas Ludwig<\/title>\n<meta name=\"robots\" content=\"index, follow, max-snippet:-1, max-image-preview:large, max-video-preview:-1\" \/>\n<link rel=\"canonical\" href=\"https:\/\/wp.anwaltskanzlei-ludwig.de\/?page_id=95\" \/>\n<meta property=\"og:locale\" content=\"de_DE\" \/>\n<meta property=\"og:type\" content=\"article\" \/>\n<meta property=\"og:title\" content=\"T\u00c4TIGKEITSBEREICHE - Anwaltskanzlei Thomas Ludwig\" \/>\n<meta property=\"og:description\" content=\"Im Lauf der Jahre haben sich in unserer Kanzlei verschiedene T\u00e4tigkeitsschwerpunkte herauskristallisiert.&nbsp;In diesen&nbsp;Bereichen entwickelten wir fundierte Fachkenntnisse, die unseren Mandanten zugute kommen.&nbsp;Die beste Werbung f\u00fcr einen Anwalt sind seine zufriedenen Mandanten. Daher steht die erfolgreiche&nbsp;Betreuung der Mandate bei uns im Vordergrund. Unsere Kanzlei ist schwerpunktm\u00e4\u00dfig in folgenden Rechtsgebieten t\u00e4tig: Immobilienrecht, (T\u00e4tigkeitsschwerpunkt) insbesondere Mietrecht, Architekten- und [&hellip;]\" \/>\n<meta property=\"og:url\" content=\"https:\/\/wp.anwaltskanzlei-ludwig.de\/?page_id=95\" \/>\n<meta property=\"og:site_name\" content=\"Anwaltskanzlei Thomas Ludwig\" \/>\n<meta property=\"article:modified_time\" content=\"2017-03-14T22:50:31+00:00\" \/>\n<meta property=\"og:image\" content=\"https:\/\/wp.anwaltskanzlei-ludwig.de\/wp-content\/uploads\/2017\/03\/immobilienrecht2-150x150.jpg\" \/>\n<meta name=\"twitter:card\" content=\"summary_large_image\" \/>\n<meta name=\"twitter:label1\" content=\"Gesch\u00e4tzte Lesezeit\" \/>\n\t<meta name=\"twitter:data1\" content=\"1\u00a0Minute\" \/>\n<script type=\"application\/ld+json\" class=\"yoast-schema-graph\">{\"@context\":\"https:\\\/\\\/schema.org\",\"@graph\":[{\"@type\":\"WebPage\",\"@id\":\"https:\\\/\\\/wp.anwaltskanzlei-ludwig.de\\\/?page_id=95\",\"url\":\"https:\\\/\\\/wp.anwaltskanzlei-ludwig.de\\\/?page_id=95\",\"name\":\"T\u00c4TIGKEITSBEREICHE - Anwaltskanzlei Thomas Ludwig\",\"isPartOf\":{\"@id\":\"https:\\\/\\\/wp.anwaltskanzlei-ludwig.de\\\/#website\"},\"datePublished\":\"2017-03-08T23:40:19+00:00\",\"dateModified\":\"2017-03-14T22:50:31+00:00\",\"breadcrumb\":{\"@id\":\"https:\\\/\\\/wp.anwaltskanzlei-ludwig.de\\\/?page_id=95#breadcrumb\"},\"inLanguage\":\"de\",\"potentialAction\":[{\"@type\":\"ReadAction\",\"target\":[\"https:\\\/\\\/wp.anwaltskanzlei-ludwig.de\\\/?page_id=95\"]}]},{\"@type\":\"BreadcrumbList\",\"@id\":\"https:\\\/\\\/wp.anwaltskanzlei-ludwig.de\\\/?page_id=95#breadcrumb\",\"itemListElement\":[{\"@type\":\"ListItem\",\"position\":1,\"name\":\"Startseite\",\"item\":\"https:\\\/\\\/wp.anwaltskanzlei-ludwig.de\\\/\"},{\"@type\":\"ListItem\",\"position\":2,\"name\":\"T\u00c4TIGKEITSBEREICHE\"}]},{\"@type\":\"WebSite\",\"@id\":\"https:\\\/\\\/wp.anwaltskanzlei-ludwig.de\\\/#website\",\"url\":\"https:\\\/\\\/wp.anwaltskanzlei-ludwig.de\\\/\",\"name\":\"Anwaltskanzlei Thomas Ludwig\",\"description\":\"\",\"publisher\":{\"@id\":\"https:\\\/\\\/wp.anwaltskanzlei-ludwig.de\\\/#organization\"},\"potentialAction\":[{\"@type\":\"SearchAction\",\"target\":{\"@type\":\"EntryPoint\",\"urlTemplate\":\"https:\\\/\\\/wp.anwaltskanzlei-ludwig.de\\\/?s={search_term_string}\"},\"query-input\":{\"@type\":\"PropertyValueSpecification\",\"valueRequired\":true,\"valueName\":\"search_term_string\"}}],\"inLanguage\":\"de\"},{\"@type\":\"Organization\",\"@id\":\"https:\\\/\\\/wp.anwaltskanzlei-ludwig.de\\\/#organization\",\"name\":\"Anwaltskanzlei Ludwig\",\"url\":\"https:\\\/\\\/wp.anwaltskanzlei-ludwig.de\\\/\",\"logo\":{\"@type\":\"ImageObject\",\"inLanguage\":\"de\",\"@id\":\"https:\\\/\\\/wp.anwaltskanzlei-ludwig.de\\\/#\\\/schema\\\/logo\\\/image\\\/\",\"url\":\"https:\\\/\\\/wp.anwaltskanzlei-ludwig.de\\\/wp-content\\\/uploads\\\/2021\\\/01\\\/seite-scaled.jpg\",\"contentUrl\":\"https:\\\/\\\/wp.anwaltskanzlei-ludwig.de\\\/wp-content\\\/uploads\\\/2021\\\/01\\\/seite-scaled.jpg\",\"width\":2048,\"height\":2560,\"caption\":\"Anwaltskanzlei Ludwig\"},\"image\":{\"@id\":\"https:\\\/\\\/wp.anwaltskanzlei-ludwig.de\\\/#\\\/schema\\\/logo\\\/image\\\/\"}}]}<\/script>\n<!-- \/ Yoast SEO plugin. -->","yoast_head_json":{"title":"T\u00c4TIGKEITSBEREICHE - Anwaltskanzlei Thomas Ludwig","robots":{"index":"index","follow":"follow","max-snippet":"max-snippet:-1","max-image-preview":"max-image-preview:large","max-video-preview":"max-video-preview:-1"},"canonical":"https:\/\/wp.anwaltskanzlei-ludwig.de\/?page_id=95","og_locale":"de_DE","og_type":"article","og_title":"T\u00c4TIGKEITSBEREICHE - Anwaltskanzlei Thomas Ludwig","og_description":"Im Lauf der Jahre haben sich in unserer Kanzlei verschiedene T\u00e4tigkeitsschwerpunkte herauskristallisiert.&nbsp;In diesen&nbsp;Bereichen entwickelten wir fundierte Fachkenntnisse, die unseren Mandanten zugute kommen.&nbsp;Die beste Werbung f\u00fcr einen Anwalt sind seine zufriedenen Mandanten. Daher steht die erfolgreiche&nbsp;Betreuung der Mandate bei uns im Vordergrund. Unsere Kanzlei ist schwerpunktm\u00e4\u00dfig in folgenden Rechtsgebieten t\u00e4tig: Immobilienrecht, (T\u00e4tigkeitsschwerpunkt) insbesondere Mietrecht, Architekten- und [&hellip;]","og_url":"https:\/\/wp.anwaltskanzlei-ludwig.de\/?page_id=95","og_site_name":"Anwaltskanzlei Thomas Ludwig","article_modified_time":"2017-03-14T22:50:31+00:00","og_image":[{"url":"https:\/\/wp.anwaltskanzlei-ludwig.de\/wp-content\/uploads\/2017\/03\/immobilienrecht2-150x150.jpg","type":"","width":"","height":""}],"twitter_card":"summary_large_image","twitter_misc":{"Gesch\u00e4tzte Lesezeit":"1\u00a0Minute"},"schema":{"@context":"https:\/\/schema.org","@graph":[{"@type":"WebPage","@id":"https:\/\/wp.anwaltskanzlei-ludwig.de\/?page_id=95","url":"https:\/\/wp.anwaltskanzlei-ludwig.de\/?page_id=95","name":"T\u00c4TIGKEITSBEREICHE - Anwaltskanzlei Thomas Ludwig","isPartOf":{"@id":"https:\/\/wp.anwaltskanzlei-ludwig.de\/#website"},"datePublished":"2017-03-08T23:40:19+00:00","dateModified":"2017-03-14T22:50:31+00:00","breadcrumb":{"@id":"https:\/\/wp.anwaltskanzlei-ludwig.de\/?page_id=95#breadcrumb"},"inLanguage":"de","potentialAction":[{"@type":"ReadAction","target":["https:\/\/wp.anwaltskanzlei-ludwig.de\/?page_id=95"]}]},{"@type":"BreadcrumbList","@id":"https:\/\/wp.anwaltskanzlei-ludwig.de\/?page_id=95#breadcrumb","itemListElement":[{"@type":"ListItem","position":1,"name":"Startseite","item":"https:\/\/wp.anwaltskanzlei-ludwig.de\/"},{"@type":"ListItem","position":2,"name":"T\u00c4TIGKEITSBEREICHE"}]},{"@type":"WebSite","@id":"https:\/\/wp.anwaltskanzlei-ludwig.de\/#website","url":"https:\/\/wp.anwaltskanzlei-ludwig.de\/","name":"Anwaltskanzlei Thomas Ludwig","description":"","publisher":{"@id":"https:\/\/wp.anwaltskanzlei-ludwig.de\/#organization"},"potentialAction":[{"@type":"SearchAction","target":{"@type":"EntryPoint","urlTemplate":"https:\/\/wp.anwaltskanzlei-ludwig.de\/?s={search_term_string}"},"query-input":{"@type":"PropertyValueSpecification","valueRequired":true,"valueName":"search_term_string"}}],"inLanguage":"de"},{"@type":"Organization","@id":"https:\/\/wp.anwaltskanzlei-ludwig.de\/#organization","name":"Anwaltskanzlei Ludwig","url":"https:\/\/wp.anwaltskanzlei-ludwig.de\/","logo":{"@type":"ImageObject","inLanguage":"de","@id":"https:\/\/wp.anwaltskanzlei-ludwig.de\/#\/schema\/logo\/image\/","url":"https:\/\/wp.anwaltskanzlei-ludwig.de\/wp-content\/uploads\/2021\/01\/seite-scaled.jpg","contentUrl":"https:\/\/wp.anwaltskanzlei-ludwig.de\/wp-content\/uploads\/2021\/01\/seite-scaled.jpg","width":2048,"height":2560,"caption":"Anwaltskanzlei Ludwig"},"image":{"@id":"https:\/\/wp.anwaltskanzlei-ludwig.de\/#\/schema\/logo\/image\/"}}]}},"_links":{"self":[{"href":"https:\/\/wp.anwaltskanzlei-ludwig.de\/index.php?rest_route=\/wp\/v2\/pages\/95","targetHints":{"allow":["GET"]}}],"collection":[{"href":"https:\/\/wp.anwaltskanzlei-ludwig.de\/index.php?rest_route=\/wp\/v2\/pages"}],"about":[{"href":"https:\/\/wp.anwaltskanzlei-ludwig.de\/index.php?rest_route=\/wp\/v2\/types\/page"}],"author":[{"embeddable":true,"href":"https:\/\/wp.anwaltskanzlei-ludwig.de\/index.php?rest_route=\/wp\/v2\/users\/3"}],"replies":[{"embeddable":true,"href":"https:\/\/wp.anwaltskanzlei-ludwig.de\/index.php?rest_route=%2Fwp%2Fv2%2Fcomments&post=95"}],"version-history":[{"count":0,"href":"https:\/\/wp.anwaltskanzlei-ludwig.de\/index.php?rest_route=\/wp\/v2\/pages\/95\/revisions"}],"wp:attachment":[{"href":"https:\/\/wp.anwaltskanzlei-ludwig.de\/index.php?rest_route=%2Fwp%2Fv2%2Fmedia&parent=95"}],"curies":[{"name":"wp","href":"https:\/\/api.w.org\/{rel}","templated":true}]}}