{"id":8,"date":"2017-03-08T20:55:56","date_gmt":"2017-03-08T20:55:56","guid":{"rendered":"http:\/\/wp.anwaltskanzlei-ludwig.de\/?page_id=8"},"modified":"2021-01-02T13:19:23","modified_gmt":"2021-01-02T13:19:23","slug":"ueber-mich","status":"publish","type":"page","link":"https:\/\/wp.anwaltskanzlei-ludwig.de\/?page_id=8","title":{"rendered":"DER ANWALT"},"content":{"rendered":"<div id='gallery-1' class='gallery galleryid-8 gallery-columns-1 gallery-size-full'><figure class='gallery-item'>\n\t\t\t<div class='gallery-icon portrait'>\n\t\t\t\t<img loading=\"lazy\" decoding=\"async\" width=\"2048\" height=\"2560\" src=\"https:\/\/wp.anwaltskanzlei-ludwig.de\/wp-content\/uploads\/2021\/01\/seite-scaled.jpg\" class=\"attachment-full size-full\" alt=\"\" srcset=\"https:\/\/wp.anwaltskanzlei-ludwig.de\/wp-content\/uploads\/2021\/01\/seite-scaled.jpg 2048w, https:\/\/wp.anwaltskanzlei-ludwig.de\/wp-content\/uploads\/2021\/01\/seite-240x300.jpg 240w, https:\/\/wp.anwaltskanzlei-ludwig.de\/wp-content\/uploads\/2021\/01\/seite-819x1024.jpg 819w, https:\/\/wp.anwaltskanzlei-ludwig.de\/wp-content\/uploads\/2021\/01\/seite-768x960.jpg 768w, https:\/\/wp.anwaltskanzlei-ludwig.de\/wp-content\/uploads\/2021\/01\/seite-1229x1536.jpg 1229w, https:\/\/wp.anwaltskanzlei-ludwig.de\/wp-content\/uploads\/2021\/01\/seite-1638x2048.jpg 1638w, https:\/\/wp.anwaltskanzlei-ludwig.de\/wp-content\/uploads\/2021\/01\/seite-410x513.jpg 410w, https:\/\/wp.anwaltskanzlei-ludwig.de\/wp-content\/uploads\/2021\/01\/seite-100x125.jpg 100w, https:\/\/wp.anwaltskanzlei-ludwig.de\/wp-content\/uploads\/2021\/01\/seite-275x344.jpg 275w\" sizes=\"auto, (max-width: 2048px) 100vw, 2048px\" \/>\n\t\t\t<\/div><\/figure>\n\t\t<\/div>\n\n<h3 class=\"widget-title\"><\/h3>\n<hr \/>\n<h3 class=\"widget-title\"><span style=\"font-size: 12pt;\"><strong><span style=\"font-family: arial, helvetica, sans-serif;\">Rechtsanwalt Thomas Ludwig<\/span><\/strong><\/span><\/h3>\n<div class=\"siteorigin-widget-tinymce textwidget\">\n<ul>\n<li><span class=\"T11gelb\" style=\"font-family: arial, helvetica, sans-serif; font-size: 12pt;\">Geboren am 26.10.1969 in M\u00fcnchen.\u00a0<\/span><\/li>\n<li><span class=\"T11gelb\" style=\"font-family: arial, helvetica, sans-serif; font-size: 12pt;\">Studium der Rechtswissenschaften in M\u00fcnchen, juristische Fakult\u00e4t der Ludwig-Maximilians-Universit\u00e4t.<\/span><\/li>\n<li><span class=\"T11gelb\" style=\"font-family: arial, helvetica, sans-serif; font-size: 12pt;\">Abschluss des Studiums mit dem ersten juristischen Staatsexamen (Pr\u00e4dikatsexamen).<\/span><\/li>\n<li><span class=\"T11gelb\" style=\"font-family: arial, helvetica, sans-serif; font-size: 12pt;\">Anschlie\u00dfend Referendariat im bayerischen Staatsdienst.\u00a0<\/span><\/li>\n<li><span class=\"T11gelb\" style=\"font-family: arial, helvetica, sans-serif; font-size: 12pt;\">Abschluss mit dem zweiten juristischen Staatsexamen (Pr\u00e4dikatsexamen).<\/span><\/li>\n<li><span class=\"T11gelb\" style=\"font-family: arial, helvetica, sans-serif; font-size: 12pt;\">Als Rechtsanwalt in der Bundesrepublik Deutschland zugelassen von der Rechtsanwaltskammer M\u00fcnchen.<\/span><\/li>\n<li><span class=\"T11gelb\" style=\"font-family: arial, helvetica, sans-serif; font-size: 12pt;\">W\u00e4hrend Studium und Referendariat sowie nach dem zweiten Staatsexamen verschiedene T\u00e4tigkeiten in renommierten Anwaltskanzleien im Raum M\u00fcnchen.<\/span><\/li>\n<li><span class=\"T11gelb\" style=\"font-family: arial, helvetica, sans-serif; font-size: 12pt;\">Im Februar 2000 wurde die Anwaltskanzlei Ludwig in M\u00fcnchen gegr\u00fcndet.<\/span><\/li>\n<li><span class=\"T11gelb\" style=\"font-family: arial, helvetica, sans-serif; font-size: 12pt;\">Im September 2002 erfolgte der Umzug der Kanzlei nach Starnberg. Hier betreut die Kanzlei seither erfolgreich ihre Mandanten in allen Bereichen des Immobilienrechts\/Mietrechts, sowie Kaufrecht und Schadensabwicklung f\u00fcr Kraftfahrzeuge.<br \/>\n<\/span><\/li>\n<\/ul>\n<p><span style=\"font-family: arial, helvetica, sans-serif; font-size: 12pt;\">Im Lauf der Jahre habe ich in meiner Kanzlei mit verschiedenen T\u00e4tigkeitsschwerpunkten (Immobilienrecht, Mietrecht, Kaufrecht Kfz, Schadensabwicklung Kfz) gearbeitet. In diesen Bereichen entwickelte ich somit fundierte Fachkenntnisse, die meinen Mandanten zugute kommen. <\/span><\/p>\n<p><span style=\"font-size: 12pt;\"><strong><span style=\"font-family: arial, helvetica, sans-serif;\">Sie profitieren von meiner Erfahrung!<\/span><\/strong><\/span><\/p>\n<hr \/>\n<p>&nbsp;<\/p>\n<\/div>\n","protected":false},"excerpt":{"rendered":"<p>Rechtsanwalt Thomas Ludwig Geboren am 26.10.1969 in M\u00fcnchen.\u00a0 Studium der Rechtswissenschaften in M\u00fcnchen, juristische Fakult\u00e4t der Ludwig-Maximilians-Universit\u00e4t. Abschluss des Studiums mit dem ersten juristischen Staatsexamen (Pr\u00e4dikatsexamen). Anschlie\u00dfend Referendariat im bayerischen Staatsdienst.\u00a0 Abschluss mit dem zweiten juristischen Staatsexamen (Pr\u00e4dikatsexamen). Als Rechtsanwalt in der Bundesrepublik Deutschland zugelassen von der Rechtsanwaltskammer M\u00fcnchen. W\u00e4hrend Studium und Referendariat sowie nach [&hellip;]<\/p>\n","protected":false},"author":3,"featured_media":0,"parent":0,"menu_order":0,"comment_status":"closed","ping_status":"closed","template":"","meta":{"footnotes":""},"class_list":["post-8","page","type-page","status-publish","hentry"],"yoast_head":"<!-- This site is optimized with the Yoast SEO plugin v27.3 - https:\/\/yoast.com\/product\/yoast-seo-wordpress\/ -->\n<title>DER ANWALT - Anwaltskanzlei Thomas Ludwig<\/title>\n<meta name=\"robots\" content=\"index, follow, max-snippet:-1, max-image-preview:large, max-video-preview:-1\" \/>\n<link rel=\"canonical\" href=\"https:\/\/wp.anwaltskanzlei-ludwig.de\/?page_id=8\" \/>\n<meta property=\"og:locale\" content=\"de_DE\" \/>\n<meta property=\"og:type\" content=\"article\" \/>\n<meta property=\"og:title\" content=\"DER ANWALT - Anwaltskanzlei Thomas Ludwig\" \/>\n<meta property=\"og:description\" content=\"Rechtsanwalt Thomas Ludwig Geboren am 26.10.1969 in M\u00fcnchen.\u00a0 Studium der Rechtswissenschaften in M\u00fcnchen, juristische Fakult\u00e4t der Ludwig-Maximilians-Universit\u00e4t. Abschluss des Studiums mit dem ersten juristischen Staatsexamen (Pr\u00e4dikatsexamen). Anschlie\u00dfend Referendariat im bayerischen Staatsdienst.\u00a0 Abschluss mit dem zweiten juristischen Staatsexamen (Pr\u00e4dikatsexamen). Als Rechtsanwalt in der Bundesrepublik Deutschland zugelassen von der Rechtsanwaltskammer M\u00fcnchen. W\u00e4hrend Studium und Referendariat sowie nach [&hellip;]\" \/>\n<meta property=\"og:url\" content=\"https:\/\/wp.anwaltskanzlei-ludwig.de\/?page_id=8\" \/>\n<meta property=\"og:site_name\" content=\"Anwaltskanzlei Thomas Ludwig\" \/>\n<meta property=\"article:modified_time\" content=\"2021-01-02T13:19:23+00:00\" \/>\n<meta property=\"og:image\" content=\"https:\/\/wp.anwaltskanzlei-ludwig.de\/wp-content\/uploads\/2021\/01\/seite-scaled.jpg\" \/>\n<meta name=\"twitter:card\" content=\"summary_large_image\" \/>\n<meta name=\"twitter:label1\" content=\"Gesch\u00e4tzte Lesezeit\" \/>\n\t<meta name=\"twitter:data1\" content=\"1\u00a0Minute\" \/>\n<script type=\"application\/ld+json\" class=\"yoast-schema-graph\">{\"@context\":\"https:\\\/\\\/schema.org\",\"@graph\":[{\"@type\":\"WebPage\",\"@id\":\"https:\\\/\\\/wp.anwaltskanzlei-ludwig.de\\\/?page_id=8\",\"url\":\"https:\\\/\\\/wp.anwaltskanzlei-ludwig.de\\\/?page_id=8\",\"name\":\"DER ANWALT - Anwaltskanzlei Thomas Ludwig\",\"isPartOf\":{\"@id\":\"https:\\\/\\\/wp.anwaltskanzlei-ludwig.de\\\/#website\"},\"datePublished\":\"2017-03-08T20:55:56+00:00\",\"dateModified\":\"2021-01-02T13:19:23+00:00\",\"breadcrumb\":{\"@id\":\"https:\\\/\\\/wp.anwaltskanzlei-ludwig.de\\\/?page_id=8#breadcrumb\"},\"inLanguage\":\"de\",\"potentialAction\":[{\"@type\":\"ReadAction\",\"target\":[\"https:\\\/\\\/wp.anwaltskanzlei-ludwig.de\\\/?page_id=8\"]}]},{\"@type\":\"BreadcrumbList\",\"@id\":\"https:\\\/\\\/wp.anwaltskanzlei-ludwig.de\\\/?page_id=8#breadcrumb\",\"itemListElement\":[{\"@type\":\"ListItem\",\"position\":1,\"name\":\"Startseite\",\"item\":\"https:\\\/\\\/wp.anwaltskanzlei-ludwig.de\\\/\"},{\"@type\":\"ListItem\",\"position\":2,\"name\":\"DER ANWALT\"}]},{\"@type\":\"WebSite\",\"@id\":\"https:\\\/\\\/wp.anwaltskanzlei-ludwig.de\\\/#website\",\"url\":\"https:\\\/\\\/wp.anwaltskanzlei-ludwig.de\\\/\",\"name\":\"Anwaltskanzlei Thomas Ludwig\",\"description\":\"\",\"publisher\":{\"@id\":\"https:\\\/\\\/wp.anwaltskanzlei-ludwig.de\\\/#organization\"},\"potentialAction\":[{\"@type\":\"SearchAction\",\"target\":{\"@type\":\"EntryPoint\",\"urlTemplate\":\"https:\\\/\\\/wp.anwaltskanzlei-ludwig.de\\\/?s={search_term_string}\"},\"query-input\":{\"@type\":\"PropertyValueSpecification\",\"valueRequired\":true,\"valueName\":\"search_term_string\"}}],\"inLanguage\":\"de\"},{\"@type\":\"Organization\",\"@id\":\"https:\\\/\\\/wp.anwaltskanzlei-ludwig.de\\\/#organization\",\"name\":\"Anwaltskanzlei Ludwig\",\"url\":\"https:\\\/\\\/wp.anwaltskanzlei-ludwig.de\\\/\",\"logo\":{\"@type\":\"ImageObject\",\"inLanguage\":\"de\",\"@id\":\"https:\\\/\\\/wp.anwaltskanzlei-ludwig.de\\\/#\\\/schema\\\/logo\\\/image\\\/\",\"url\":\"https:\\\/\\\/wp.anwaltskanzlei-ludwig.de\\\/wp-content\\\/uploads\\\/2021\\\/01\\\/seite-scaled.jpg\",\"contentUrl\":\"https:\\\/\\\/wp.anwaltskanzlei-ludwig.de\\\/wp-content\\\/uploads\\\/2021\\\/01\\\/seite-scaled.jpg\",\"width\":2048,\"height\":2560,\"caption\":\"Anwaltskanzlei Ludwig\"},\"image\":{\"@id\":\"https:\\\/\\\/wp.anwaltskanzlei-ludwig.de\\\/#\\\/schema\\\/logo\\\/image\\\/\"}}]}<\/script>\n<!-- \/ Yoast SEO plugin. -->","yoast_head_json":{"title":"DER ANWALT - Anwaltskanzlei Thomas Ludwig","robots":{"index":"index","follow":"follow","max-snippet":"max-snippet:-1","max-image-preview":"max-image-preview:large","max-video-preview":"max-video-preview:-1"},"canonical":"https:\/\/wp.anwaltskanzlei-ludwig.de\/?page_id=8","og_locale":"de_DE","og_type":"article","og_title":"DER ANWALT - Anwaltskanzlei Thomas Ludwig","og_description":"Rechtsanwalt Thomas Ludwig Geboren am 26.10.1969 in M\u00fcnchen.\u00a0 Studium der Rechtswissenschaften in M\u00fcnchen, juristische Fakult\u00e4t der Ludwig-Maximilians-Universit\u00e4t. Abschluss des Studiums mit dem ersten juristischen Staatsexamen (Pr\u00e4dikatsexamen). Anschlie\u00dfend Referendariat im bayerischen Staatsdienst.\u00a0 Abschluss mit dem zweiten juristischen Staatsexamen (Pr\u00e4dikatsexamen). Als Rechtsanwalt in der Bundesrepublik Deutschland zugelassen von der Rechtsanwaltskammer M\u00fcnchen. W\u00e4hrend Studium und Referendariat sowie nach [&hellip;]","og_url":"https:\/\/wp.anwaltskanzlei-ludwig.de\/?page_id=8","og_site_name":"Anwaltskanzlei Thomas Ludwig","article_modified_time":"2021-01-02T13:19:23+00:00","og_image":[{"url":"https:\/\/wp.anwaltskanzlei-ludwig.de\/wp-content\/uploads\/2021\/01\/seite-scaled.jpg","type":"","width":"","height":""}],"twitter_card":"summary_large_image","twitter_misc":{"Gesch\u00e4tzte Lesezeit":"1\u00a0Minute"},"schema":{"@context":"https:\/\/schema.org","@graph":[{"@type":"WebPage","@id":"https:\/\/wp.anwaltskanzlei-ludwig.de\/?page_id=8","url":"https:\/\/wp.anwaltskanzlei-ludwig.de\/?page_id=8","name":"DER ANWALT - Anwaltskanzlei Thomas Ludwig","isPartOf":{"@id":"https:\/\/wp.anwaltskanzlei-ludwig.de\/#website"},"datePublished":"2017-03-08T20:55:56+00:00","dateModified":"2021-01-02T13:19:23+00:00","breadcrumb":{"@id":"https:\/\/wp.anwaltskanzlei-ludwig.de\/?page_id=8#breadcrumb"},"inLanguage":"de","potentialAction":[{"@type":"ReadAction","target":["https:\/\/wp.anwaltskanzlei-ludwig.de\/?page_id=8"]}]},{"@type":"BreadcrumbList","@id":"https:\/\/wp.anwaltskanzlei-ludwig.de\/?page_id=8#breadcrumb","itemListElement":[{"@type":"ListItem","position":1,"name":"Startseite","item":"https:\/\/wp.anwaltskanzlei-ludwig.de\/"},{"@type":"ListItem","position":2,"name":"DER ANWALT"}]},{"@type":"WebSite","@id":"https:\/\/wp.anwaltskanzlei-ludwig.de\/#website","url":"https:\/\/wp.anwaltskanzlei-ludwig.de\/","name":"Anwaltskanzlei Thomas Ludwig","description":"","publisher":{"@id":"https:\/\/wp.anwaltskanzlei-ludwig.de\/#organization"},"potentialAction":[{"@type":"SearchAction","target":{"@type":"EntryPoint","urlTemplate":"https:\/\/wp.anwaltskanzlei-ludwig.de\/?s={search_term_string}"},"query-input":{"@type":"PropertyValueSpecification","valueRequired":true,"valueName":"search_term_string"}}],"inLanguage":"de"},{"@type":"Organization","@id":"https:\/\/wp.anwaltskanzlei-ludwig.de\/#organization","name":"Anwaltskanzlei Ludwig","url":"https:\/\/wp.anwaltskanzlei-ludwig.de\/","logo":{"@type":"ImageObject","inLanguage":"de","@id":"https:\/\/wp.anwaltskanzlei-ludwig.de\/#\/schema\/logo\/image\/","url":"https:\/\/wp.anwaltskanzlei-ludwig.de\/wp-content\/uploads\/2021\/01\/seite-scaled.jpg","contentUrl":"https:\/\/wp.anwaltskanzlei-ludwig.de\/wp-content\/uploads\/2021\/01\/seite-scaled.jpg","width":2048,"height":2560,"caption":"Anwaltskanzlei Ludwig"},"image":{"@id":"https:\/\/wp.anwaltskanzlei-ludwig.de\/#\/schema\/logo\/image\/"}}]}},"_links":{"self":[{"href":"https:\/\/wp.anwaltskanzlei-ludwig.de\/index.php?rest_route=\/wp\/v2\/pages\/8","targetHints":{"allow":["GET"]}}],"collection":[{"href":"https:\/\/wp.anwaltskanzlei-ludwig.de\/index.php?rest_route=\/wp\/v2\/pages"}],"about":[{"href":"https:\/\/wp.anwaltskanzlei-ludwig.de\/index.php?rest_route=\/wp\/v2\/types\/page"}],"author":[{"embeddable":true,"href":"https:\/\/wp.anwaltskanzlei-ludwig.de\/index.php?rest_route=\/wp\/v2\/users\/3"}],"replies":[{"embeddable":true,"href":"https:\/\/wp.anwaltskanzlei-ludwig.de\/index.php?rest_route=%2Fwp%2Fv2%2Fcomments&post=8"}],"version-history":[{"count":0,"href":"https:\/\/wp.anwaltskanzlei-ludwig.de\/index.php?rest_route=\/wp\/v2\/pages\/8\/revisions"}],"wp:attachment":[{"href":"https:\/\/wp.anwaltskanzlei-ludwig.de\/index.php?rest_route=%2Fwp%2Fv2%2Fmedia&parent=8"}],"curies":[{"name":"wp","href":"https:\/\/api.w.org\/{rel}","templated":true}]}}