{"id":7,"date":"2017-03-08T20:55:56","date_gmt":"2017-03-08T20:55:56","guid":{"rendered":"http:\/\/wp.anwaltskanzlei-ludwig.de\/?page_id=7"},"modified":"2017-12-19T17:18:47","modified_gmt":"2017-12-19T17:18:47","slug":"startseite","status":"publish","type":"page","link":"https:\/\/wp.anwaltskanzlei-ludwig.de\/","title":{"rendered":"HOME"},"content":{"rendered":"<hr>\n<p><span style=\"font-family: arial, helvetica, sans-serif; font-size: 12pt;\">Die erfolgreiche Betreuung der Mandate steht bei uns im Vordergrund. Verst\u00e4rkt sind wir in den Bereichen Immobilienrecht, Kaufrecht, Schadensabwicklung und allgemeines Vertragsrecht t\u00e4tig. Selbstverst\u00e4ndlich betreuen wir Sie auch gerne in anderen Bereichen des Zivilrechts.<\/span><\/p>\n<p><span style=\"font-family: arial, helvetica, sans-serif; font-size: 12pt;\">Das Immobilienrecht stellt einen traditionellen Arbeitsschwerpunkt unserer Kanzlei dar. Sowohl aus Sicht von Kapitalanlegern und Investoren als auch aus Sicht von Bautr\u00e4gern und Initiatoren bestehen diverse Interessenslagen, und es stellen sich dabei unterschiedlichste Rechtsfragen. Gerade auch bei geplanten Vertragsabschl\u00fcssen, die ein Grundst\u00fcck oder eine Eigentumswohnung betreffen, ist eine umfassende und sorgf\u00e4ltige Beratung erforderlich, die ganz speziell Ihren pers\u00f6nlichen Bed\u00fcrfnissen Rechnung tr\u00e4gt. Mit dem Fachbereichen Kaufrecht und Schadensabwicklung f\u00fcr Kraftfahrzeuge erg\u00e4nzt die Rechtsanwaltskanzlei Ludwig mit jahrelanger Erfahrung das juristische Angebot. Sprechen Sie mich gerne pers\u00f6nlich an, ich bin gerne f\u00fcr Ihr juristisches Anliegen da.<\/span><\/p>\n<hr>\n<p>&nbsp;<\/p>\n","protected":false},"excerpt":{"rendered":"<p>Die erfolgreiche Betreuung der Mandate steht bei uns im Vordergrund. Verst\u00e4rkt sind wir in den Bereichen Immobilienrecht, Kaufrecht, Schadensabwicklung und allgemeines Vertragsrecht t\u00e4tig. Selbstverst\u00e4ndlich betreuen wir Sie auch gerne in anderen Bereichen des Zivilrechts. Das Immobilienrecht stellt einen traditionellen Arbeitsschwerpunkt unserer Kanzlei dar. Sowohl aus Sicht von Kapitalanlegern und Investoren als auch aus Sicht von [&hellip;]<\/p>\n","protected":false},"author":3,"featured_media":0,"parent":0,"menu_order":0,"comment_status":"closed","ping_status":"closed","template":"","meta":{"footnotes":""},"class_list":["post-7","page","type-page","status-publish","hentry"],"yoast_head":"<!-- This site is optimized with the Yoast SEO plugin v27.3 - https:\/\/yoast.com\/product\/yoast-seo-wordpress\/ -->\n<title>HOME - Anwaltskanzlei Thomas Ludwig<\/title>\n<meta name=\"robots\" content=\"index, follow, max-snippet:-1, max-image-preview:large, max-video-preview:-1\" \/>\n<link rel=\"canonical\" href=\"https:\/\/wp.anwaltskanzlei-ludwig.de\/\" \/>\n<meta property=\"og:locale\" content=\"de_DE\" \/>\n<meta property=\"og:type\" content=\"article\" \/>\n<meta property=\"og:title\" content=\"HOME - Anwaltskanzlei Thomas Ludwig\" \/>\n<meta property=\"og:description\" content=\"Die erfolgreiche Betreuung der Mandate steht bei uns im Vordergrund. Verst\u00e4rkt sind wir in den Bereichen Immobilienrecht, Kaufrecht, Schadensabwicklung und allgemeines Vertragsrecht t\u00e4tig. Selbstverst\u00e4ndlich betreuen wir Sie auch gerne in anderen Bereichen des Zivilrechts. Das Immobilienrecht stellt einen traditionellen Arbeitsschwerpunkt unserer Kanzlei dar. Sowohl aus Sicht von Kapitalanlegern und Investoren als auch aus Sicht von [&hellip;]\" \/>\n<meta property=\"og:url\" content=\"https:\/\/wp.anwaltskanzlei-ludwig.de\/\" \/>\n<meta property=\"og:site_name\" content=\"Anwaltskanzlei Thomas Ludwig\" \/>\n<meta property=\"article:modified_time\" content=\"2017-12-19T17:18:47+00:00\" \/>\n<meta name=\"twitter:card\" content=\"summary_large_image\" \/>\n<meta name=\"twitter:label1\" content=\"Gesch\u00e4tzte Lesezeit\" \/>\n\t<meta name=\"twitter:data1\" content=\"1\u00a0Minute\" \/>\n<script type=\"application\/ld+json\" class=\"yoast-schema-graph\">{\"@context\":\"https:\\\/\\\/schema.org\",\"@graph\":[{\"@type\":\"WebPage\",\"@id\":\"https:\\\/\\\/wp.anwaltskanzlei-ludwig.de\\\/\",\"url\":\"https:\\\/\\\/wp.anwaltskanzlei-ludwig.de\\\/\",\"name\":\"HOME - Anwaltskanzlei Thomas Ludwig\",\"isPartOf\":{\"@id\":\"https:\\\/\\\/wp.anwaltskanzlei-ludwig.de\\\/#website\"},\"datePublished\":\"2017-03-08T20:55:56+00:00\",\"dateModified\":\"2017-12-19T17:18:47+00:00\",\"breadcrumb\":{\"@id\":\"https:\\\/\\\/wp.anwaltskanzlei-ludwig.de\\\/#breadcrumb\"},\"inLanguage\":\"de\",\"potentialAction\":[{\"@type\":\"ReadAction\",\"target\":[\"https:\\\/\\\/wp.anwaltskanzlei-ludwig.de\\\/\"]}]},{\"@type\":\"BreadcrumbList\",\"@id\":\"https:\\\/\\\/wp.anwaltskanzlei-ludwig.de\\\/#breadcrumb\",\"itemListElement\":[{\"@type\":\"ListItem\",\"position\":1,\"name\":\"Startseite\",\"item\":\"https:\\\/\\\/wp.anwaltskanzlei-ludwig.de\\\/\"},{\"@type\":\"ListItem\",\"position\":2,\"name\":\"HOME\"}]},{\"@type\":\"WebSite\",\"@id\":\"https:\\\/\\\/wp.anwaltskanzlei-ludwig.de\\\/#website\",\"url\":\"https:\\\/\\\/wp.anwaltskanzlei-ludwig.de\\\/\",\"name\":\"Anwaltskanzlei Thomas Ludwig\",\"description\":\"\",\"publisher\":{\"@id\":\"https:\\\/\\\/wp.anwaltskanzlei-ludwig.de\\\/#organization\"},\"potentialAction\":[{\"@type\":\"SearchAction\",\"target\":{\"@type\":\"EntryPoint\",\"urlTemplate\":\"https:\\\/\\\/wp.anwaltskanzlei-ludwig.de\\\/?s={search_term_string}\"},\"query-input\":{\"@type\":\"PropertyValueSpecification\",\"valueRequired\":true,\"valueName\":\"search_term_string\"}}],\"inLanguage\":\"de\"},{\"@type\":\"Organization\",\"@id\":\"https:\\\/\\\/wp.anwaltskanzlei-ludwig.de\\\/#organization\",\"name\":\"Anwaltskanzlei Ludwig\",\"url\":\"https:\\\/\\\/wp.anwaltskanzlei-ludwig.de\\\/\",\"logo\":{\"@type\":\"ImageObject\",\"inLanguage\":\"de\",\"@id\":\"https:\\\/\\\/wp.anwaltskanzlei-ludwig.de\\\/#\\\/schema\\\/logo\\\/image\\\/\",\"url\":\"https:\\\/\\\/wp.anwaltskanzlei-ludwig.de\\\/wp-content\\\/uploads\\\/2021\\\/01\\\/seite-scaled.jpg\",\"contentUrl\":\"https:\\\/\\\/wp.anwaltskanzlei-ludwig.de\\\/wp-content\\\/uploads\\\/2021\\\/01\\\/seite-scaled.jpg\",\"width\":2048,\"height\":2560,\"caption\":\"Anwaltskanzlei Ludwig\"},\"image\":{\"@id\":\"https:\\\/\\\/wp.anwaltskanzlei-ludwig.de\\\/#\\\/schema\\\/logo\\\/image\\\/\"}}]}<\/script>\n<!-- \/ Yoast SEO plugin. -->","yoast_head_json":{"title":"HOME - Anwaltskanzlei Thomas Ludwig","robots":{"index":"index","follow":"follow","max-snippet":"max-snippet:-1","max-image-preview":"max-image-preview:large","max-video-preview":"max-video-preview:-1"},"canonical":"https:\/\/wp.anwaltskanzlei-ludwig.de\/","og_locale":"de_DE","og_type":"article","og_title":"HOME - Anwaltskanzlei Thomas Ludwig","og_description":"Die erfolgreiche Betreuung der Mandate steht bei uns im Vordergrund. Verst\u00e4rkt sind wir in den Bereichen Immobilienrecht, Kaufrecht, Schadensabwicklung und allgemeines Vertragsrecht t\u00e4tig. Selbstverst\u00e4ndlich betreuen wir Sie auch gerne in anderen Bereichen des Zivilrechts. Das Immobilienrecht stellt einen traditionellen Arbeitsschwerpunkt unserer Kanzlei dar. Sowohl aus Sicht von Kapitalanlegern und Investoren als auch aus Sicht von [&hellip;]","og_url":"https:\/\/wp.anwaltskanzlei-ludwig.de\/","og_site_name":"Anwaltskanzlei Thomas Ludwig","article_modified_time":"2017-12-19T17:18:47+00:00","twitter_card":"summary_large_image","twitter_misc":{"Gesch\u00e4tzte Lesezeit":"1\u00a0Minute"},"schema":{"@context":"https:\/\/schema.org","@graph":[{"@type":"WebPage","@id":"https:\/\/wp.anwaltskanzlei-ludwig.de\/","url":"https:\/\/wp.anwaltskanzlei-ludwig.de\/","name":"HOME - Anwaltskanzlei Thomas Ludwig","isPartOf":{"@id":"https:\/\/wp.anwaltskanzlei-ludwig.de\/#website"},"datePublished":"2017-03-08T20:55:56+00:00","dateModified":"2017-12-19T17:18:47+00:00","breadcrumb":{"@id":"https:\/\/wp.anwaltskanzlei-ludwig.de\/#breadcrumb"},"inLanguage":"de","potentialAction":[{"@type":"ReadAction","target":["https:\/\/wp.anwaltskanzlei-ludwig.de\/"]}]},{"@type":"BreadcrumbList","@id":"https:\/\/wp.anwaltskanzlei-ludwig.de\/#breadcrumb","itemListElement":[{"@type":"ListItem","position":1,"name":"Startseite","item":"https:\/\/wp.anwaltskanzlei-ludwig.de\/"},{"@type":"ListItem","position":2,"name":"HOME"}]},{"@type":"WebSite","@id":"https:\/\/wp.anwaltskanzlei-ludwig.de\/#website","url":"https:\/\/wp.anwaltskanzlei-ludwig.de\/","name":"Anwaltskanzlei Thomas Ludwig","description":"","publisher":{"@id":"https:\/\/wp.anwaltskanzlei-ludwig.de\/#organization"},"potentialAction":[{"@type":"SearchAction","target":{"@type":"EntryPoint","urlTemplate":"https:\/\/wp.anwaltskanzlei-ludwig.de\/?s={search_term_string}"},"query-input":{"@type":"PropertyValueSpecification","valueRequired":true,"valueName":"search_term_string"}}],"inLanguage":"de"},{"@type":"Organization","@id":"https:\/\/wp.anwaltskanzlei-ludwig.de\/#organization","name":"Anwaltskanzlei Ludwig","url":"https:\/\/wp.anwaltskanzlei-ludwig.de\/","logo":{"@type":"ImageObject","inLanguage":"de","@id":"https:\/\/wp.anwaltskanzlei-ludwig.de\/#\/schema\/logo\/image\/","url":"https:\/\/wp.anwaltskanzlei-ludwig.de\/wp-content\/uploads\/2021\/01\/seite-scaled.jpg","contentUrl":"https:\/\/wp.anwaltskanzlei-ludwig.de\/wp-content\/uploads\/2021\/01\/seite-scaled.jpg","width":2048,"height":2560,"caption":"Anwaltskanzlei Ludwig"},"image":{"@id":"https:\/\/wp.anwaltskanzlei-ludwig.de\/#\/schema\/logo\/image\/"}}]}},"_links":{"self":[{"href":"https:\/\/wp.anwaltskanzlei-ludwig.de\/index.php?rest_route=\/wp\/v2\/pages\/7","targetHints":{"allow":["GET"]}}],"collection":[{"href":"https:\/\/wp.anwaltskanzlei-ludwig.de\/index.php?rest_route=\/wp\/v2\/pages"}],"about":[{"href":"https:\/\/wp.anwaltskanzlei-ludwig.de\/index.php?rest_route=\/wp\/v2\/types\/page"}],"author":[{"embeddable":true,"href":"https:\/\/wp.anwaltskanzlei-ludwig.de\/index.php?rest_route=\/wp\/v2\/users\/3"}],"replies":[{"embeddable":true,"href":"https:\/\/wp.anwaltskanzlei-ludwig.de\/index.php?rest_route=%2Fwp%2Fv2%2Fcomments&post=7"}],"version-history":[{"count":0,"href":"https:\/\/wp.anwaltskanzlei-ludwig.de\/index.php?rest_route=\/wp\/v2\/pages\/7\/revisions"}],"wp:attachment":[{"href":"https:\/\/wp.anwaltskanzlei-ludwig.de\/index.php?rest_route=%2Fwp%2Fv2%2Fmedia&parent=7"}],"curies":[{"name":"wp","href":"https:\/\/api.w.org\/{rel}","templated":true}]}}