{"id":100,"date":"2017-03-08T23:40:20","date_gmt":"2017-03-08T23:40:20","guid":{"rendered":"http:\/\/wp.anwaltskanzlei-ludwig.de\/?page_id=100"},"modified":"2017-03-14T22:23:58","modified_gmt":"2017-03-14T22:23:58","slug":"kaufrecht","status":"publish","type":"page","link":"https:\/\/wp.anwaltskanzlei-ludwig.de\/?page_id=100","title":{"rendered":"KAUFRECHT"},"content":{"rendered":"<p><span style=\"font-family: arial, helvetica, sans-serif; font-size: 12pt;\">Das Kaufrecht<\/span><\/p>\n<p><span style=\"font-family: arial, helvetica, sans-serif; font-size: 12pt;\">Ist eine Sache mangelhaft, dann hat der K\u00e4ufer zun\u00e4chst ein Recht auf Nacherf\u00fcllung gegen den Verk\u00e4ufer. Bleibt die Nacherf\u00fcllung erfolglos, dann hat der K\u00e4ufer ein Recht auf Minderung oder R\u00fccktritt vom Vertrag.<\/span><br \/>\n<span style=\"font-family: arial, helvetica, sans-serif; font-size: 12pt;\">Die Anspr\u00fcche und Rechte des K\u00e4ufers gegen den Verk\u00e4ufer wegen eines Mangels der gekauften Sache verj\u00e4hren grunds\u00e4tzlich in 2 Jahren.<\/span><br \/>\n<span style=\"font-family: arial, helvetica, sans-serif; font-size: 12pt;\">Ist der K\u00e4ufer privater Verbraucher und der Verk\u00e4ufer Unternehmer kann von der zweij\u00e4hrigen Verj\u00e4hrungsfrist grunds\u00e4tzlich nicht abgewichen werden. Etwas anderes gilt nur bei Gebrauchtwaren. Hier kann die Verj\u00e4hrungsfrist auf ein Jahr verk\u00fcrzt werden.<\/span><br \/>\n<span style=\"font-family: arial, helvetica, sans-serif; font-size: 12pt;\">Sind sowohl der K\u00e4ufer als auch der Verk\u00e4ufer Unternehmer gelten teilweise abweichende Regelungen, z.B. kann dann die Verj\u00e4hrungsfrist durch Allgemeine Gesch\u00e4ftsbedingungen auch f\u00fcr Neuwaren auf ein Jahr verk\u00fcrzt werden.<\/span><\/p>\n<p><span style=\"font-family: arial, helvetica, sans-serif; font-size: 12pt;\">Wikipedia:<\/span><\/p>\n<p><span style=\"font-family: arial, helvetica, sans-serif; font-size: 12pt;\">Mangel (Kaufrecht)<\/span><\/p>\n<p><span style=\"font-family: arial, helvetica, sans-serif; font-size: 12pt;\">Die Gew\u00e4hrleistung umfasst sowohl die Haftung f\u00fcr Sachm\u00e4ngel, d. h. M\u00e4ngel in Bezug auf die Beschaffenheit des Kaufgegenstandes, als auch f\u00fcr Rechtsm\u00e4ngel, wie z. B. das fehlende Eigentum (sofern kein gutgl\u00e4ubiger Erwerb m\u00f6glich ist). Ein vom Verk\u00e4ufer zu vertretender Mangel muss bei Gefahren\u00fcbergang (also meist nach \u00a7 446 BGB bei \u00dcbergabe der Sache) vorliegen (\u00a7 434 Abs. 1 S. 1 BGB); jedoch k\u00f6nnen auch sp\u00e4ter auftretende Defekte Sachm\u00e4ngel sein, wenn sie schon bei Gefahr\u00fcbergang im Keim angelegt waren (so genannte Keimtheorie). Beim Kauf von Verbrauchsg\u00fctern (= beweglichen Sachen) sieht das Gesetz (\u00a7 476 BGB) als grunds\u00e4tzliche Beweiserleichterung f\u00fcr Verbraucher vor, dass ein Mangel, der sich innerhalb von sechs Monaten nach Gefahr\u00fcbergang zeigt, bereits beim Kauf vorhanden gewesen sein d\u00fcrfte (Beweislastumkehr), es sei denn, das Gegenteil w\u00e4re offensichtlich.<\/span><\/p>\n<p><span style=\"font-family: arial, helvetica, sans-serif; font-size: 12pt;\">Sachmangel<\/span><\/p>\n<p><span style=\"font-family: arial, helvetica, sans-serif; font-size: 12pt;\">Ein Sachmangel liegt bei den folgenden Voraussetzungen vor:<\/span><\/p>\n<p><span style=\"font-family: arial, helvetica, sans-serif; font-size: 12pt;\">Abweichung von der vereinbarten Beschaffenheit, \u00a7 434 Abs. 1 BGB. Liegt eine Vereinbarung \u00fcber die Beschaffenheit vor, dann liegt kein Sachmangel vor, wenn die Sache bei Gefahren\u00fcbergang die vereinbarte Beschaffenheit hat. Ohne eine solche Vereinbarung liegt dann ein Sachmangel vor, wenn sie sich nicht f\u00fcr die nach dem Vertrag vorausgesetzte Verwendung eignet, \u00a7 434 Abs. 1 Satz 2 Nr. 1 BGB, wenn sie sich nicht f\u00fcr die gew\u00f6hnliche Verwendung eignet oder eine Beschaffenheit aufweist, die nicht der \u00fcblichen Beschaffenheit von G\u00fctern der gleichen Art entspricht, \u00a7 434 Abs. 1 Satz 2 Nr. 2 BGB.<\/span><br \/>\n<span style=\"font-family: arial, helvetica, sans-serif; font-size: 12pt;\">Zur Beschaffenheit geh\u00f6ren gem. \u00a7 434 Abs. 1 Satz 3 BGB auch Eigenschaften, die der K\u00e4ufer nach den \u00f6ffentlichen \u00c4u\u00dferungen des Verk\u00e4ufers oder Herstellers (insbesondere aus der Werbung) erwarten kann. Beispiel: Ein Auto wird in der Werbung mit einem Verbrauch von drei Liter angepriesen, w\u00e4hrend der tats\u00e4chliche Verbrauch f\u00fcnf Liter betr\u00e4gt.<\/span><br \/>\n<span style=\"font-family: arial, helvetica, sans-serif; font-size: 12pt;\">Falschlieferung, es wird eine andere als die verkaufte Sache geliefert (sogenanntes Aliud) oder Lieferung einer zu geringen Menge, \u00a7 434 Abs. 3 BGB. Beispiel: Der Verk\u00e4ufer liefert anstelle einer Waschmaschine einen Trockner. Kein Sachmangel liegt dagegen vor, wenn der Verk\u00e4ufer bei Lieferung klarmacht, dass es sich blo\u00df um eine Teilleistung handelt und der Rest sp\u00e4ter nachgeliefert wird. In diesem Fall fehlt es an der \u00dcbergabe der gesamten Kaufsache.<\/span><br \/>\n<span style=\"font-family: arial, helvetica, sans-serif; font-size: 12pt;\">Fehlerhafte Montageanleitung (sog. IKEA-Klausel) oder unsachgem\u00e4\u00dfe Montage durch den Verk\u00e4ufer bzw. dessen Erf\u00fcllungsgehilfen, \u00a7 434 Abs. 2 BGB. Wobei zu beachten ist, dass die fehlerhafte Montageanleitung dann keinen Sachmangel darstellt, wenn es gelungen ist, die Sache fehlerfrei zu montieren. In diesem Fall hat der K\u00e4ufer auch keinen materiellen Schaden. Das hat das Oberlandesgericht M\u00fcnchen best\u00e4tigt.[1]<\/span><br \/>\n<span style=\"font-family: arial, helvetica, sans-serif; font-size: 12pt;\">Rechtsmangel<\/span><\/p>\n<p><span style=\"font-family: arial, helvetica, sans-serif; font-size: 12pt;\">Die gekaufte Sache hat einen Rechtsmangel, wenn Dritte in Bezug auf die Sache Rechte geltend machen k\u00f6nnen, die nicht beim Kauf vereinbart wurden, \u00a7 435 BGB. Hier geht es vor allem um dingliche oder schuldrechtliche Rechte. Beispiel: Ein Dritter ist Eigent\u00fcmer der Sache oder hat ein Miet- oder Pachtrecht.<\/span><\/p>\n<p><span style=\"font-family: arial, helvetica, sans-serif; font-size: 12pt;\">Bei Grundst\u00fccksk\u00e4ufen stellt es einen Rechtsmangel dar, wenn ein nicht existierendes Recht noch im Grundbuch eingetragen ist, \u00a7 435 Satz 2 BGB, weil die Gefahr eines gutgl\u00e4ubigen Erwerbs dieses Rechts besteht. Beispiel: Ein Wohnrecht, das sich erledigt hat, aber noch im Grundbuch eingetragen ist.<\/span><\/p>\n<p><span style=\"font-family: arial, helvetica, sans-serif; font-size: 12pt;\">Quelle: Anwalt.de, Wikipedia<\/span><\/p>\n","protected":false},"excerpt":{"rendered":"<p>Das Kaufrecht Ist eine Sache mangelhaft, dann hat der K\u00e4ufer zun\u00e4chst ein Recht auf Nacherf\u00fcllung gegen den Verk\u00e4ufer. Bleibt die Nacherf\u00fcllung erfolglos, dann hat der K\u00e4ufer ein Recht auf Minderung oder R\u00fccktritt vom Vertrag. Die Anspr\u00fcche und Rechte des K\u00e4ufers gegen den Verk\u00e4ufer wegen eines Mangels der gekauften Sache verj\u00e4hren grunds\u00e4tzlich in 2 Jahren. Ist [&hellip;]<\/p>\n","protected":false},"author":3,"featured_media":0,"parent":95,"menu_order":0,"comment_status":"closed","ping_status":"closed","template":"","meta":{"footnotes":""},"class_list":["post-100","page","type-page","status-publish","hentry"],"yoast_head":"<!-- This site is optimized with the Yoast SEO plugin v27.3 - https:\/\/yoast.com\/product\/yoast-seo-wordpress\/ -->\n<title>KAUFRECHT - Anwaltskanzlei Thomas Ludwig<\/title>\n<meta name=\"robots\" content=\"index, follow, max-snippet:-1, max-image-preview:large, max-video-preview:-1\" \/>\n<link rel=\"canonical\" href=\"https:\/\/wp.anwaltskanzlei-ludwig.de\/?page_id=100\" \/>\n<meta property=\"og:locale\" content=\"de_DE\" \/>\n<meta property=\"og:type\" content=\"article\" \/>\n<meta property=\"og:title\" content=\"KAUFRECHT - Anwaltskanzlei Thomas Ludwig\" \/>\n<meta property=\"og:description\" content=\"Das Kaufrecht Ist eine Sache mangelhaft, dann hat der K\u00e4ufer zun\u00e4chst ein Recht auf Nacherf\u00fcllung gegen den Verk\u00e4ufer. Bleibt die Nacherf\u00fcllung erfolglos, dann hat der K\u00e4ufer ein Recht auf Minderung oder R\u00fccktritt vom Vertrag. Die Anspr\u00fcche und Rechte des K\u00e4ufers gegen den Verk\u00e4ufer wegen eines Mangels der gekauften Sache verj\u00e4hren grunds\u00e4tzlich in 2 Jahren. Ist [&hellip;]\" \/>\n<meta property=\"og:url\" content=\"https:\/\/wp.anwaltskanzlei-ludwig.de\/?page_id=100\" \/>\n<meta property=\"og:site_name\" content=\"Anwaltskanzlei Thomas Ludwig\" \/>\n<meta property=\"article:modified_time\" content=\"2017-03-14T22:23:58+00:00\" \/>\n<meta name=\"twitter:card\" content=\"summary_large_image\" \/>\n<meta name=\"twitter:label1\" content=\"Gesch\u00e4tzte Lesezeit\" \/>\n\t<meta name=\"twitter:data1\" content=\"3\u00a0Minuten\" \/>\n<script type=\"application\/ld+json\" class=\"yoast-schema-graph\">{\"@context\":\"https:\\\/\\\/schema.org\",\"@graph\":[{\"@type\":\"WebPage\",\"@id\":\"https:\\\/\\\/wp.anwaltskanzlei-ludwig.de\\\/?page_id=100\",\"url\":\"https:\\\/\\\/wp.anwaltskanzlei-ludwig.de\\\/?page_id=100\",\"name\":\"KAUFRECHT - Anwaltskanzlei Thomas Ludwig\",\"isPartOf\":{\"@id\":\"https:\\\/\\\/wp.anwaltskanzlei-ludwig.de\\\/#website\"},\"datePublished\":\"2017-03-08T23:40:20+00:00\",\"dateModified\":\"2017-03-14T22:23:58+00:00\",\"breadcrumb\":{\"@id\":\"https:\\\/\\\/wp.anwaltskanzlei-ludwig.de\\\/?page_id=100#breadcrumb\"},\"inLanguage\":\"de\",\"potentialAction\":[{\"@type\":\"ReadAction\",\"target\":[\"https:\\\/\\\/wp.anwaltskanzlei-ludwig.de\\\/?page_id=100\"]}]},{\"@type\":\"BreadcrumbList\",\"@id\":\"https:\\\/\\\/wp.anwaltskanzlei-ludwig.de\\\/?page_id=100#breadcrumb\",\"itemListElement\":[{\"@type\":\"ListItem\",\"position\":1,\"name\":\"Startseite\",\"item\":\"https:\\\/\\\/wp.anwaltskanzlei-ludwig.de\\\/\"},{\"@type\":\"ListItem\",\"position\":2,\"name\":\"T\u00c4TIGKEITSBEREICHE\",\"item\":\"https:\\\/\\\/wp.anwaltskanzlei-ludwig.de\\\/?page_id=95\"},{\"@type\":\"ListItem\",\"position\":3,\"name\":\"KAUFRECHT\"}]},{\"@type\":\"WebSite\",\"@id\":\"https:\\\/\\\/wp.anwaltskanzlei-ludwig.de\\\/#website\",\"url\":\"https:\\\/\\\/wp.anwaltskanzlei-ludwig.de\\\/\",\"name\":\"Anwaltskanzlei Thomas Ludwig\",\"description\":\"\",\"publisher\":{\"@id\":\"https:\\\/\\\/wp.anwaltskanzlei-ludwig.de\\\/#organization\"},\"potentialAction\":[{\"@type\":\"SearchAction\",\"target\":{\"@type\":\"EntryPoint\",\"urlTemplate\":\"https:\\\/\\\/wp.anwaltskanzlei-ludwig.de\\\/?s={search_term_string}\"},\"query-input\":{\"@type\":\"PropertyValueSpecification\",\"valueRequired\":true,\"valueName\":\"search_term_string\"}}],\"inLanguage\":\"de\"},{\"@type\":\"Organization\",\"@id\":\"https:\\\/\\\/wp.anwaltskanzlei-ludwig.de\\\/#organization\",\"name\":\"Anwaltskanzlei Ludwig\",\"url\":\"https:\\\/\\\/wp.anwaltskanzlei-ludwig.de\\\/\",\"logo\":{\"@type\":\"ImageObject\",\"inLanguage\":\"de\",\"@id\":\"https:\\\/\\\/wp.anwaltskanzlei-ludwig.de\\\/#\\\/schema\\\/logo\\\/image\\\/\",\"url\":\"https:\\\/\\\/wp.anwaltskanzlei-ludwig.de\\\/wp-content\\\/uploads\\\/2021\\\/01\\\/seite-scaled.jpg\",\"contentUrl\":\"https:\\\/\\\/wp.anwaltskanzlei-ludwig.de\\\/wp-content\\\/uploads\\\/2021\\\/01\\\/seite-scaled.jpg\",\"width\":2048,\"height\":2560,\"caption\":\"Anwaltskanzlei Ludwig\"},\"image\":{\"@id\":\"https:\\\/\\\/wp.anwaltskanzlei-ludwig.de\\\/#\\\/schema\\\/logo\\\/image\\\/\"}}]}<\/script>\n<!-- \/ Yoast SEO plugin. -->","yoast_head_json":{"title":"KAUFRECHT - Anwaltskanzlei Thomas Ludwig","robots":{"index":"index","follow":"follow","max-snippet":"max-snippet:-1","max-image-preview":"max-image-preview:large","max-video-preview":"max-video-preview:-1"},"canonical":"https:\/\/wp.anwaltskanzlei-ludwig.de\/?page_id=100","og_locale":"de_DE","og_type":"article","og_title":"KAUFRECHT - Anwaltskanzlei Thomas Ludwig","og_description":"Das Kaufrecht Ist eine Sache mangelhaft, dann hat der K\u00e4ufer zun\u00e4chst ein Recht auf Nacherf\u00fcllung gegen den Verk\u00e4ufer. Bleibt die Nacherf\u00fcllung erfolglos, dann hat der K\u00e4ufer ein Recht auf Minderung oder R\u00fccktritt vom Vertrag. Die Anspr\u00fcche und Rechte des K\u00e4ufers gegen den Verk\u00e4ufer wegen eines Mangels der gekauften Sache verj\u00e4hren grunds\u00e4tzlich in 2 Jahren. Ist [&hellip;]","og_url":"https:\/\/wp.anwaltskanzlei-ludwig.de\/?page_id=100","og_site_name":"Anwaltskanzlei Thomas Ludwig","article_modified_time":"2017-03-14T22:23:58+00:00","twitter_card":"summary_large_image","twitter_misc":{"Gesch\u00e4tzte Lesezeit":"3\u00a0Minuten"},"schema":{"@context":"https:\/\/schema.org","@graph":[{"@type":"WebPage","@id":"https:\/\/wp.anwaltskanzlei-ludwig.de\/?page_id=100","url":"https:\/\/wp.anwaltskanzlei-ludwig.de\/?page_id=100","name":"KAUFRECHT - Anwaltskanzlei Thomas Ludwig","isPartOf":{"@id":"https:\/\/wp.anwaltskanzlei-ludwig.de\/#website"},"datePublished":"2017-03-08T23:40:20+00:00","dateModified":"2017-03-14T22:23:58+00:00","breadcrumb":{"@id":"https:\/\/wp.anwaltskanzlei-ludwig.de\/?page_id=100#breadcrumb"},"inLanguage":"de","potentialAction":[{"@type":"ReadAction","target":["https:\/\/wp.anwaltskanzlei-ludwig.de\/?page_id=100"]}]},{"@type":"BreadcrumbList","@id":"https:\/\/wp.anwaltskanzlei-ludwig.de\/?page_id=100#breadcrumb","itemListElement":[{"@type":"ListItem","position":1,"name":"Startseite","item":"https:\/\/wp.anwaltskanzlei-ludwig.de\/"},{"@type":"ListItem","position":2,"name":"T\u00c4TIGKEITSBEREICHE","item":"https:\/\/wp.anwaltskanzlei-ludwig.de\/?page_id=95"},{"@type":"ListItem","position":3,"name":"KAUFRECHT"}]},{"@type":"WebSite","@id":"https:\/\/wp.anwaltskanzlei-ludwig.de\/#website","url":"https:\/\/wp.anwaltskanzlei-ludwig.de\/","name":"Anwaltskanzlei Thomas Ludwig","description":"","publisher":{"@id":"https:\/\/wp.anwaltskanzlei-ludwig.de\/#organization"},"potentialAction":[{"@type":"SearchAction","target":{"@type":"EntryPoint","urlTemplate":"https:\/\/wp.anwaltskanzlei-ludwig.de\/?s={search_term_string}"},"query-input":{"@type":"PropertyValueSpecification","valueRequired":true,"valueName":"search_term_string"}}],"inLanguage":"de"},{"@type":"Organization","@id":"https:\/\/wp.anwaltskanzlei-ludwig.de\/#organization","name":"Anwaltskanzlei Ludwig","url":"https:\/\/wp.anwaltskanzlei-ludwig.de\/","logo":{"@type":"ImageObject","inLanguage":"de","@id":"https:\/\/wp.anwaltskanzlei-ludwig.de\/#\/schema\/logo\/image\/","url":"https:\/\/wp.anwaltskanzlei-ludwig.de\/wp-content\/uploads\/2021\/01\/seite-scaled.jpg","contentUrl":"https:\/\/wp.anwaltskanzlei-ludwig.de\/wp-content\/uploads\/2021\/01\/seite-scaled.jpg","width":2048,"height":2560,"caption":"Anwaltskanzlei Ludwig"},"image":{"@id":"https:\/\/wp.anwaltskanzlei-ludwig.de\/#\/schema\/logo\/image\/"}}]}},"_links":{"self":[{"href":"https:\/\/wp.anwaltskanzlei-ludwig.de\/index.php?rest_route=\/wp\/v2\/pages\/100","targetHints":{"allow":["GET"]}}],"collection":[{"href":"https:\/\/wp.anwaltskanzlei-ludwig.de\/index.php?rest_route=\/wp\/v2\/pages"}],"about":[{"href":"https:\/\/wp.anwaltskanzlei-ludwig.de\/index.php?rest_route=\/wp\/v2\/types\/page"}],"author":[{"embeddable":true,"href":"https:\/\/wp.anwaltskanzlei-ludwig.de\/index.php?rest_route=\/wp\/v2\/users\/3"}],"replies":[{"embeddable":true,"href":"https:\/\/wp.anwaltskanzlei-ludwig.de\/index.php?rest_route=%2Fwp%2Fv2%2Fcomments&post=100"}],"version-history":[{"count":0,"href":"https:\/\/wp.anwaltskanzlei-ludwig.de\/index.php?rest_route=\/wp\/v2\/pages\/100\/revisions"}],"up":[{"embeddable":true,"href":"https:\/\/wp.anwaltskanzlei-ludwig.de\/index.php?rest_route=\/wp\/v2\/pages\/95"}],"wp:attachment":[{"href":"https:\/\/wp.anwaltskanzlei-ludwig.de\/index.php?rest_route=%2Fwp%2Fv2%2Fmedia&parent=100"}],"curies":[{"name":"wp","href":"https:\/\/api.w.org\/{rel}","templated":true}]}}